{"id":137,"date":"2022-01-25T09:09:35","date_gmt":"2022-01-25T09:09:35","guid":{"rendered":"https:\/\/serratextil.com\/blog\/?page_id=137"},"modified":"2022-01-25T09:09:35","modified_gmt":"2022-01-25T09:09:35","slug":"tienda-telas-online","status":"publish","type":"page","link":"https:\/\/serratextil.com\/blog\/tienda-telas-online\/","title":{"rendered":"Tienda telas online"},"content":{"rendered":"<p><span style=\"font-weight: 400;\">Si est\u00e1s buscando una <\/span><b>tienda telas online<\/b><span style=\"font-weight: 400;\"> y nos has encontrado est\u00e1s en la <\/span><b>tienda telas online<\/b><span style=\"font-weight: 400;\"> ideal.<\/span><\/p>\n<h1><b>Nuestra tienda telas online Serra Textil<\/b><\/h1>\n<p><span style=\"font-weight: 400;\">Serra Textil es una empresa con m\u00e1s de 50 a\u00f1os(?) dedicada a la venta de telas al por mayor. Nuestra<\/span><b> tienda telas online<\/b><span style=\"font-weight: 400;\"> la podr\u00e1s encontrar en <\/span><a href=\"http:\/\/www.serratextil.com\"><span style=\"font-weight: 400;\">www.serratextil.com<\/span><\/a><span style=\"font-weight: 400;\"> y en ella dispondr\u00e1s de una gran variedad de tejidos.\u00a0<\/span><\/p>\n<h2><b>Los tejidos de nuestra tienda telas online<\/b><\/h2>\n<p><span style=\"font-weight: 400;\">Nuestra carta de tejidos dispone de una gran variedad de tejidos lisos, tejidos estampados, tejidos ideales para patchwork, tejidos de algod\u00f3n, tejidos resinados, tejidos de viscosa, tejidos org\u00e1nicos, etc.<\/span><\/p>\n<p><span style=\"font-weight: 400;\">En cada tejido encontrar\u00e1s su carta de colores o estampados, perfecto para hacer mil combinaciones posibles en tus manualidades y\/o confecciones.<\/span><\/p>\n<h3><b>Serra Textil: tienda telas online<\/b><\/h3>\n<p><span style=\"font-weight: 400;\">Nos encontramos en un municipio de la provincia de Barcelona, Terrassa. Nuestra <\/span><b>tienda telas online<\/b><span style=\"font-weight: 400;\"> se dedica a vender telas al por mayor de forma nacional e internacional.<\/span><\/p>\n<p><span style=\"font-weight: 400;\">Si tienes cualquier duda, necesitas ayuda en tu pedido o para m\u00e1s informaci\u00f3n puedes contactar con nosotros mediante la web, por mail en <\/span><a href=\"mailto:serviciocliente@serratextil.com\"><span style=\"font-weight: 400;\">serviciocliente@serratextil.com<\/span><\/a><span style=\"font-weight: 400;\"> o por nuestro Whatsapp al 660 716 677.<\/span><\/p>\n","protected":false},"excerpt":{"rendered":"<p>Si est\u00e1s buscando una tienda telas online y nos has encontrado est\u00e1s en la tienda telas online ideal. Nuestra tienda telas online Serra Textil Serra Textil es una empresa con m\u00e1s de 50 a\u00f1os(?) dedicada a la venta de telas al por mayor. Nuestra tienda telas online la podr\u00e1s encontrar en www.serratextil.com y en ella [&hellip;]<\/p>\n","protected":false},"author":4,"featured_media":0,"parent":0,"menu_order":0,"comment_status":"closed","ping_status":"closed","template":"","meta":{"footnotes":""},"class_list":["post-137","page","type-page","status-publish","hentry"],"_links":{"self":[{"href":"https:\/\/serratextil.com\/blog\/wp-json\/wp\/v2\/pages\/137","targetHints":{"allow":["GET"]}}],"collection":[{"href":"https:\/\/serratextil.com\/blog\/wp-json\/wp\/v2\/pages"}],"about":[{"href":"https:\/\/serratextil.com\/blog\/wp-json\/wp\/v2\/types\/page"}],"author":[{"embeddable":true,"href":"https:\/\/serratextil.com\/blog\/wp-json\/wp\/v2\/users\/4"}],"replies":[{"embeddable":true,"href":"https:\/\/serratextil.com\/blog\/wp-json\/wp\/v2\/comments?post=137"}],"version-history":[{"count":2,"href":"https:\/\/serratextil.com\/blog\/wp-json\/wp\/v2\/pages\/137\/revisions"}],"predecessor-version":[{"id":139,"href":"https:\/\/serratextil.com\/blog\/wp-json\/wp\/v2\/pages\/137\/revisions\/139"}],"wp:attachment":[{"href":"https:\/\/serratextil.com\/blog\/wp-json\/wp\/v2\/media?parent=137"}],"curies":[{"name":"wp","href":"https:\/\/api.w.org\/{rel}","templated":true}]}}