{"id":155,"date":"2022-02-17T17:46:36","date_gmt":"2022-02-17T17:46:36","guid":{"rendered":"https:\/\/serratextil.com\/blog\/?page_id=155"},"modified":"2022-02-21T11:34:28","modified_gmt":"2022-02-21T11:34:28","slug":"aviso-legal","status":"publish","type":"page","link":"https:\/\/serratextil.com\/blog\/aviso-legal\/","title":{"rendered":"Aviso Legal"},"content":{"rendered":"\t\t<div data-elementor-type=\"wp-page\" data-elementor-id=\"155\" class=\"elementor elementor-155\" data-elementor-settings=\"[]\">\n\t\t\t\t\t\t\t<div class=\"elementor-section-wrap\">\n\t\t\t\t\t\t\t<section class=\"elementor-section elementor-top-section elementor-element elementor-element-35bcfe3 elementor-section-boxed elementor-section-height-default elementor-section-height-default\" data-id=\"35bcfe3\" data-element_type=\"section\">\n\t\t\t\t\t\t<div class=\"elementor-container elementor-column-gap-default\">\n\t\t\t\t\t<div class=\"elementor-column elementor-col-100 elementor-top-column elementor-element elementor-element-37ec610\" data-id=\"37ec610\" data-element_type=\"column\">\n\t\t\t<div class=\"elementor-widget-wrap elementor-element-populated\">\n\t\t\t\t\t\t\t\t<div class=\"elementor-element elementor-element-7fc6d2f elementor-widget elementor-widget-text-editor\" data-id=\"7fc6d2f\" data-element_type=\"widget\" data-widget_type=\"text-editor.default\">\n\t\t\t\t<div class=\"elementor-widget-container\">\n\t\t\t<style>\/*! elementor - v3.5.5 - 03-02-2022 *\/\n.elementor-widget-text-editor.elementor-drop-cap-view-stacked .elementor-drop-cap{background-color:#818a91;color:#fff}.elementor-widget-text-editor.elementor-drop-cap-view-framed .elementor-drop-cap{color:#818a91;border:3px solid;background-color:transparent}.elementor-widget-text-editor:not(.elementor-drop-cap-view-default) .elementor-drop-cap{margin-top:8px}.elementor-widget-text-editor:not(.elementor-drop-cap-view-default) .elementor-drop-cap-letter{width:1em;height:1em}.elementor-widget-text-editor .elementor-drop-cap{float:left;text-align:center;line-height:1;font-size:50px}.elementor-widget-text-editor .elementor-drop-cap-letter{display:inline-block}<\/style>\t\t\t\t<p>Aviso Legal<br \/>En cumplimiento de la Ley 34\/2002, de 11 de julio, de servicios de la sociedad de la informaci\u00f3n y<br \/>de comercio electr\u00f3nico (LSSI), le informamos de que:<br \/>GREEN WAY TOGETHER SL(en adelante La Empresa). es una SOCIEDAD LIMITADA. Su NIF es B67624858 y tiene su domicilio en Avenida Vall\u00e8s 71 de TERRASSA (BARCELONA).<br \/>Datos de contacto:<br \/>Tel\u00e9fono: 660 71 66 77<br \/>E-mail: gerencia@serratextil.com<\/p><p>Condiciones generales de uso del sitio web serratextil.com\/blog<br \/>El nombre de dominio www.serratextil.com\/blog es titularidad de la Empresa y su uso exclusivo est\u00e1 reservado a \u00e9ste.<br \/>El portal oficial de www.serratextil.com\/blog, tiene por objeto facilitar al p\u00fablico, en<br \/>general, el conocimiento de las actividades que esta Organizaci\u00f3n realiza y de los productos y<br \/>servicios que presta en materia de venta online.<br \/>El uso de este sitio Web implica la expresa y plena aceptaci\u00f3n de las condiciones aqu\u00ed expuestas,<br \/>sin perjuicio de aquellas particulares que pudieran aplicarse a algunos de los productos o servicios<br \/>concretos ofrecidos a trav\u00e9s del sitio Web.<br \/>La Empresa se reserva la facultad de efectuar, en cualquier momento y sin<br \/>necesidad de previo aviso, modificaciones y actualizaciones de la informaci\u00f3n contenida en su<br \/>Web o en la configuraci\u00f3n y presentaci\u00f3n de \u00e9sta.<br \/>Con objeto de mantener actualizada la informaci\u00f3n publicada en el portal, los contenidos del<br \/>mismo podr\u00e1n ser modificados, corregidos, eliminados o a\u00f1adidos en cualquier momento, por lo<br \/>que ser\u00e1 conveniente comprobar la vigencia o exactitud de los mismos acudiendo a las fuentes<br \/>oficiales.<\/p><p>Propiedad intelectual, industrial y frames<br \/>Todos los elementos que forman el sitio Web, as\u00ed como su estructura, dise\u00f1o, c\u00f3digo fuente, as\u00ed<br \/>como los logos, marcas y dem\u00e1s signos distintivos que aparecen en la misma, son titularidad de la Empresa\u00a0o de sus colaboradores y est\u00e1n protegidos por los correspondientes<br \/>derechos de propiedad intelectual e industrial.<br \/>Igualmente est\u00e1n protegidos por los correspondientes derechos de propiedad intelectual e<br \/>industrial las im\u00e1genes y otros elementos gr\u00e1ficos contenidos en los portales.<br \/>La Empresa proh\u00edbe expresamente la realizaci\u00f3n de \u201cframings\u201d o la utilizaci\u00f3n por<br \/>parte de terceros de cualesquiera otros mecanismos que alteren el dise\u00f1o, configuraci\u00f3n original o<br \/>contenidos de nuestros portales.<br \/>El uso de los contenidos deber\u00e1 respetar su licenciamiento particular. De tal modo su uso,<br \/>reproducci\u00f3n, distribuci\u00f3n, comunicaci\u00f3n p\u00fablica, transformaci\u00f3n o cualquier otra actividad<br \/>similar o an\u00e1loga, queda totalmente prohibida salvo que medie previa y expresa autorizaci\u00f3n de<br \/>la Empresa.<br \/>Respecto a las citas de noticias, productos y servicios de terceros, que puedan aparecer en la Web,<br \/>la Empresa reconoce a favor de sus titulares los correspondientes derechos de<br \/>propiedad industrial e intelectual, no implicando su sola menci\u00f3n o aparici\u00f3n en la Web la<br \/>existencia de derechos ni de responsabilidad alguna sobre los mismos, como tampoco respaldo,<br \/>patrocinio o recomendaci\u00f3n.<br \/>La Empresa declara su respeto a los derechos de propiedad intelectual e industrial<br \/>de terceros; por ello, si considera que nuestros portales pudieran estar violando sus derechos,<br \/>rogamos se ponga en contacto con la Empresa.<br \/>La Empresa no garantiza la inexistencia de errores en el acceso a la Web, en su<br \/>contenido, ni que \u00e9ste se encuentre actualizado, aunque la Empresa desarrollar\u00e1<br \/>sus mejores esfuerzos para, en su caso, evitarlos, subsanarlos o actualizarlos.<br \/>Tanto el acceso a los portales de la Empresa como el uso que pueda hacerse de la<br \/>informaci\u00f3n contenida en los mismos es de la exclusiva responsabilidad de quien lo realiza.<br \/>La Empresa no se hace responsable de los posibles errores de seguridad que se<br \/>puedan producir ni de los posibles da\u00f1os que puedan causarse al sistema inform\u00e1tico del Usuario<br \/>(hardware y software), los ficheros o documentos almacenados en el mismo, como consecuencia<br \/>de la presencia de virus en el ordenador del Usuario utilizado para la conexi\u00f3n a los servicios y<br \/>contenidos de la Web, de un mal funcionamiento del navegador o del uso de versiones no<br \/>actualizadas del mismo.<br \/>La Empresa no se hace responsable de la informaci\u00f3n y contenidos almacenados, a<br \/>titulo enunciativo pero no limitativo, en foros, chats, blogs, comentarios, redes sociales o<br \/>cualesquiera otro medio que permita a terceros publicar contenidos de forma independiente en la<br \/>p\u00e1gina web de la Empresa.<br \/>No obstante y en cumplimiento de lo dispuesto en la LSSI, la Empresa se pone a<br \/>disposici\u00f3n de todos los usuarios, autoridades y fuerzas de seguridad, y colaborando de forma<br \/>activa en la retirada o en su caso bloqueo de todos aquellos contenidos que pudieran afectar o<br \/>contravenir la legislaci\u00f3n nacional, o internacional, derechos de terceros o la moral y el orden<br \/>p\u00fablico. En caso de que el usuario considere que existe en el sitio web alg\u00fan contenido que<br \/>pudiera ser susceptible de esta clasificaci\u00f3n, rogamos se ponga en contacto con la Empresa.<\/p><p>Links o hiperenlaces<br \/>La Web puede contener enlaces a contenidos que dirijan a contenidos Web de terceros. El objetivo<br \/>de dichos enlaces es \u00fanicamente facilitarle la b\u00fasqueda de los recursos que le puedan interesar a trav\u00e9s de Internet. No obstante, dichas p\u00e1ginas no pertenecen a la Empresa, ni hace una revisi\u00f3n de sus contenidos y, por ello, la Empresa no asume ninguna<br \/>responsabilidad por el contenido, informaciones o servicios que pudieran aparecer en dichos<br \/>sitios, que tendr\u00e1n exclusivamente car\u00e1cter informativo y que en ning\u00fan caso implican relaci\u00f3n<br \/>alguna entre la Empresa y a las personas o entidades titulares de tales contenidos<br \/>o titulares de los sitios donde se encuentren. La Empresa tampoco puede hacerse responsable del funcionamiento de la p\u00e1gina enlazada o de los posibles da\u00f1os que puedan derivarse del acceso o uso de la misma.<\/p><p>Los enlaces a la web de la Empresa deber\u00e1n respetar las siguientes condiciones:<br \/>1. El establecimiento del enlace no supondr\u00e1 per se ning\u00fan tipo de acuerdo, contrato,<br \/>patrocinio ni recomendaci\u00f3n por parte de la Empresa de la p\u00e1gina que realiza el enlace.<br \/>2. La p\u00e1gina web en la que se establezca el hiperenlace no contendr\u00e1 informaciones con<br \/>contenidos que sean il\u00edcitos, discriminatorios, contrarios a los principios \u00e9ticos<br \/>com\u00fanmente aceptados o atenten contra el orden p\u00fablico, as\u00ed como tampoco contendr\u00e1<br \/>contenidos contrarios a cualesquiera derechos de terceros.<br \/>3. La Empresa podr\u00e1 solicitar que se retire un enlace a su web, sin necesidad de alegar causa alguna. En tal caso, la p\u00e1gina que haya realizado el enlace deber\u00e1 proceder a su inmediata supresi\u00f3n, tan pronto como reciba la notificaci\u00f3n la Empresa.<br \/>4. No se responsabiliza en modo alguno ni garantiza la calidad, exactitud, fiabilidad,<br \/>correcci\u00f3n o moralidad de contenidos o servicios que el establecimiento del hiperenlace<br \/>pueda ofrecer. El usuario asume bajo su exclusiva responsabilidad las consecuencias, da\u00f1os<br \/>o acciones que pudieran derivarse del acceso a la p\u00e1gina web del hiperenlace.<\/p><p>Protecci\u00f3n de Datos Personales<br \/>La Empresa se encuentra profundamente comprometido con el cumplimiento de la<br \/>normativa de protecci\u00f3n de datos de car\u00e1cter personal, y garantiza el cumplimiento \u00edntegro de las<br \/>obligaciones dispuestas, as\u00ed como la implementaci\u00f3n de las medidas de seguridad apropiadas para<br \/>garantizar un nivel de seguridad adecuado al riesgo.<br \/>La Empresa pone a disposici\u00f3n de los usuarios su Pol\u00edtica de Privacidad y le ofrece<br \/>informaci\u00f3n ampliada del tratamiento de datos realizado por la Entidad:<br \/>INFORMACI\u00d3N ADICIONAL SOBRE PROTECCI\u00d3N DE DATOS<br \/>\u00bfQui\u00e9n es el Responsable del tratamiento de sus datos?<br \/>Identidad: GREEN WAY TOGETHER SL S.L. \u2013B67624858<br \/>Dir. Postal: Avenida Vall\u00e8s 71 de TERRASSA (BARCELONA)<br \/>Tel\u00e9fono: 660 71 66 77<br \/>Correo electr\u00f3nico: gerencia@serratextil.com<br \/>\u00bfCon qu\u00e9 finalidad tratamos sus datos personales?<br \/>En la Empresa tratamos la informaci\u00f3n que nos facilitan nuestros grupos de inter\u00e9s para<br \/>los siguientes tratamientos:<br \/>Tratamiento datos Finalidad del tratamiento Plazo conservaci\u00f3n datos<br \/>CLIENTES<br \/>\u27a2 GESTI\u00d3N DE CLIENTES, CONTABLE, FISCAL Y ADMINISTRATIVA<br \/>No se tomar\u00e1n decisiones automatizadas en base a dicho perfil.<br \/>Los datos personales tratados se conservar\u00e1n en todo caso mientras sean necesarios para la<br \/>finalidad del tratamiento, y se suprimir\u00e1n a solicitud del interesado, o una vez finalizado<br \/>el tratamiento sin perjuicio de su conservaci\u00f3n por los plazos establecidos en normativa de<br \/>aplicaci\u00f3n para atender posibles responsabilidades.<\/p><p>\u00bfCu\u00e1l es la legitimaci\u00f3n para el tratamiento de los mismos?<br \/>Las bases legales para el tratamiento de datos personales en la Empresa son las siguientes:<br \/>Tratamiento datos Legitimaci\u00f3n tratamiento<br \/>CLIENTES Consentimiento del interesado que podr\u00e1 retirar en cualquier momento sin<br \/>que ello afecte a la licitud del tratamiento basado en el consentimiento<br \/>previo a su retirada.<\/p><p>\u00bfA qu\u00e9 destinatarios se comunicar\u00e1n sus datos?<br \/>La realizaci\u00f3n de estos tratamientos puede implicar la conexi\u00f3n de sus datos con tratamientos realizados<br \/>por terceros. Le informamos a continuaci\u00f3n de las previsiones en relaci\u00f3n a la cesi\u00f3n de sus datos.<br \/>Tratamiento datos Previsi\u00f3n de cesiones Transferencias internacionales<br \/>CLIENTES Los datos se comunicar\u00e1n a :<br \/>ADMINISTRACI\u00d3N P\u00daBLICA CON COMPETENCIA EN LA MATERIA<\/p><p>ENTIDADES BANCARIAS O FINANCIERAS<br \/>No se transferir\u00e1n datos fuera de la UE.<\/p><p>\u00bfCu\u00e1les son sus derechos cuando nos facilita sus datos?<br \/>Cualquier persona tiene derecho a obtener confirmaci\u00f3n sobre si en la Empresa estamos<br \/>tratando datos personales que le conciernan, o no.<br \/>Las personas interesadas tienen derecho a acceder a sus datos personales, as\u00ed como a solicitar la<br \/>rectificaci\u00f3n de los datos inexactos o, en su caso, solicitar su supresi\u00f3n cuando, entre otros motivos, los<br \/>datos ya no sean necesarios para los fines para los que fueron recogidos.<br \/>En determinadas circunstancias, los interesados podr\u00e1n solicitar la limitaci\u00f3n del tratamiento de sus<br \/>datos, en cuyo caso \u00fanicamente los conservaremos para el ejercicio o defensa de reclamaciones.<br \/>En determinadas circunstancias y por motivos relacionados con su situaci\u00f3n particular, los interesados<br \/>podr\u00e1n oponerse al tratamiento de sus datos. La Empresa dejar\u00e1 de tratar los datos, salvo<br \/>por motivos leg\u00edtimos e imperiosos, o el ejercicio o la defensa de posibles reclamaciones.<br \/>Asimismo, en determinadas circunstancias y cuando sea t\u00e9cnicamente posible, los interesados tienen<br \/>derecho a que los datos personales se transmitan directamente a otro responsable a solicitud suya.<\/p><p>Para el ejercicio de estos derechos, p\u00f3ngase en contacto con nosotros dirigiendo un escrito a:<br \/>\u27a2 GREEN WAY TOGETHER SL, Avenida Vall\u00e8s 71, TERRASSA<br \/>(BARCELONA), o bien por e-mail a gerencia@serratextil.com acompa\u00f1ado de copia de su DNI.<br \/>De igual modo, puede ponerse en contacto con la Agencia Espa\u00f1ola de Protecci\u00f3n de Datos, para<br \/>formular una reclamaci\u00f3n, especialmente cuando no haya obtenido satisfacci\u00f3n en el ejercicio de sus<br \/>derechos.<\/p><p>INFORMACI\u00d3N ADICIONAL SOBRE PROTECCI\u00d3N DE DATOS<br \/>\u00bfQui\u00e9n es el Responsable del tratamiento de sus datos?<br \/>Identidad: GREEN\u00a0 WAY TOGETHER S.L. \u2013 B67624858<br \/>Dir. Postal: Avenida Vall\u00e8s 71, TERRASSA (BARCELONA)<br \/>Tel\u00e9fono: 660 71 66 77<br \/>Correo electr\u00f3nico: gerencia@serratextil.com<\/p><p>\u00bfCon qu\u00e9 finalidad tratamos sus datos personales?<br \/>En la Empresa tratamos la informaci\u00f3n que nos facilitan nuestros grupos de inter\u00e9s para<br \/>los siguientes tratamientos:<br \/>Tratamiento datos Finalidad del tratamiento Plazo conservaci\u00f3n datos<br \/>PROVEEDORES Los datos personales tratados se<br \/>\u27a2 GESTI\u00d3N DE CLIENTES, CONTABLE, FISCAL Y ADMINISTRATIVA<br \/>No se tomar\u00e1n decisiones automatizadas en base a dicho perfil. Conservar\u00e1n en todo caso<br \/>mientras sean necesarios para la finalidad del tratamiento, y se suprimir\u00e1n a solicitud del<br \/>interesado, o una vez finalizado el tratamiento sin perjuicio de su conservaci\u00f3n por los plazos<br \/>establecidos en normativa de aplicaci\u00f3n para atender posibles responsabilidades.<br \/>\u00bfCu\u00e1l es la legitimaci\u00f3n para el tratamiento de los mismos?<br \/>Las bases legales para el tratamiento de datos personales en la Empresa son las siguientes:<br \/>Tratamiento datos Legitimaci\u00f3n tratamiento PROVEEDORES<br \/>Consentimiento del interesado que podr\u00e1 retirar en cualquier momento sin<br \/>que ello afecte a la licitud del tratamiento basado en el consentimiento previo a su retirada.<br \/>\u00bfA qu\u00e9 destinatarios se comunicar\u00e1n sus datos?<br \/>La realizaci\u00f3n de estos tratamientos puede implicar la conexi\u00f3n de sus datos con tratamientos realizados<br \/>por terceros. Le informamos a continuaci\u00f3n de las previsiones en relaci\u00f3n a la cesi\u00f3n de sus datos.<br \/>Tratamiento datos Previsi\u00f3n de cesiones Transferencias internacionales<br \/>PROVEEDORES Los datos se comunicar\u00e1n a :<br \/>ADMINIST RACI\u00d3N P\u00daBLICA CON<br \/>COMPETENCIA EN LA MATERIA<br \/>ENTIDADES BANCARIAS O FINANCIERAS<br \/>No se transferir\u00e1n datos fuera de<br \/>la UE.<br \/>\u00bfCu\u00e1les son sus derechos cuando nos facilita sus datos?<br \/>Cualquier persona tiene derecho a obtener confirmaci\u00f3n sobre si en la Empresa estamos<br \/>tratando datos personales que le conciernan, o no.<br \/>Las personas interesadas tienen derecho a acceder a sus datos personales, as\u00ed como a solicitar la<br \/>rectificaci\u00f3n de los datos inexactos o, en su caso, solicitar su supresi\u00f3n cuando, entre otros motivos, los<br \/>datos ya no sean necesarios para los fines para los que fueron recogidos.<br \/>En determinadas circunstancias, los interesados podr\u00e1n solicitar la limitaci\u00f3n del tratamiento de sus<br \/>datos, en cuyo caso \u00fanicamente los conservaremos para el ejercicio o defensa de reclamaciones.<br \/>En determinadas circunstancias y por motivos relacionados con su situaci\u00f3n particular, los interesados<br \/>podr\u00e1n oponerse al tratamiento de sus datos. La Empresa dejar\u00e1 de tratar los datos, salvo<br \/>por motivos leg\u00edtimos e imperiosos, o el ejercicio o la defensa de posibles reclamaciones.<br \/>Asimismo, en determinadas circunstancias y cuando sea t\u00e9cnicamente posible, los interesados tienen<br \/>derecho a que los datos personales se transmitan directamente a otro responsable a solicitud suya.<br \/>Para el ejercicio de estos derechos, p\u00f3ngase en contacto con nosotros dirigiendo un escrito a:<br \/>\u27a2 GREEN WAY TOGETHER SL, Avenida Vall\u00e8s 71, TERRASSA<br \/>(BARCELONA)<br \/>, o bien por e-mail a gerencia@serratextil.com acompa\u00f1ado de copia de su DNI.<br \/>De igual modo, puede ponerse en contacto con la Agencia Espa\u00f1ola de Protecci\u00f3n de Datos, para<br \/>formular una reclamaci\u00f3n, especialmente cuando no haya obtenido satisfacci\u00f3n en el ejercicio de sus<br \/>derechos.<br \/>INFORMACI\u00d3N ADICIONAL SOBRE PROTECCI\u00d3N DE DATOS<br \/>\u00bfQui\u00e9n es el Responsable del tratamiento de sus datos?<br \/>Identidad: GREEN WAY TOGETHER S.L. \u2013 B67624858<br \/>Dir. Postal: Avenida Vall\u00e8s 71, TERRASSA (BARCELONA)<br \/>Tel\u00e9fono: 660 71 66 77<br \/>Correo electr\u00f3nico: cgerencia@serratextil.com<br \/>\u00bfCon qu\u00e9 finalidad tratamos sus datos personales?<br \/>En la Empresa tratamos la informaci\u00f3n que nos facilitan nuestros grupos de inter\u00e9s para<br \/>los siguientes tratamientos:<br \/>Tratamiento datos Finalidad del tratamiento Plazo conservaci\u00f3n datos<br \/>RRHH<br \/>\u27a2 RECURSOS HUMANOS<br \/>No se tomar\u00e1n decisiones<br \/>automatizadas en base a dicho perfil.<br \/>\u27a2 GESTI\u00d3N DE N\u00d3MINAS<br \/>No se tomar\u00e1n decisiones<br \/>automatizadas en base a dicho perfil.<br \/>\u27a2 PREVENCI\u00d3N DE<br \/>RIESGOS LABORALES<br \/>No se tomar\u00e1n decisiones<br \/>automatizadas en base a dicho perfil.<br \/>Los datos personales tratados se<br \/>conservar\u00e1n en todo caso<br \/>mientras sean necesarios para la<br \/>finalidad del tratamiento, y se<br \/>suprimir\u00e1n a solicitud del<br \/>interesado, o una vez finalizado<br \/>el tratamiento sin perjuicio de su<br \/>conservaci\u00f3n por los plazos<br \/>establecidos en normativa de<br \/>aplicaci\u00f3n para atender posibles<br \/>responsabilidades.<br \/>\u00bfCu\u00e1l es la legitimaci\u00f3n para el tratamiento de los<br \/>mismos?<br \/>Las bases legales para el tratamiento de datos personales en la Empresa son las<br \/>siguientes:<br \/>Tratamiento datos Legitimaci\u00f3n tratamiento<br \/>RRHH Consentimiento del interesado que podr\u00e1 retirar en cualquier momento sin<br \/>que ello afecte a la licitud del tratamiento basado en el consentimiento<br \/>previo a su retirada.<br \/>\u00bfA qu\u00e9 destinatarios se comunicar\u00e1n sus datos?<br \/>La realizaci\u00f3n de estos tratamientos puede implicar la conexi\u00f3n de sus datos con tratamientos realizados<br \/>por terceros. Le informamos a continuaci\u00f3n de las previsiones en relaci\u00f3n a la cesi\u00f3n de sus datos.<br \/>Tratamiento datos Previsi\u00f3n de cesiones Transferencias internacionales<br \/>RRHH Los datos se comunicar\u00e1n a :<br \/>ADMINISTRACI\u00d3N P\u00daBLICA CON COMPETENCIA EN LA MATERIA<br \/>ENTIDADES BANCARIAS O FINANCIERAS<br \/>No se transferir\u00e1n datos fuera de<br \/>la UE.<br \/>\u00bfCu\u00e1les son sus derechos cuando nos facilita sus datos?<br \/>Cualquier persona tiene derecho a obtener confirmaci\u00f3n sobre si en la Empresa estamos<br \/>tratando datos personales que le conciernan, o no.<br \/>Las personas interesadas tienen derecho a acceder a sus datos personales, as\u00ed como a solicitar la<br \/>rectificaci\u00f3n de los datos inexactos o, en su caso, solicitar su supresi\u00f3n cuando, entre otros motivos, los<br \/>datos ya no sean necesarios para los fines para los que fueron recogidos.<br \/>En determinadas circunstancias, los interesados podr\u00e1n solicitar la limitaci\u00f3n del tratamiento de sus<br \/>datos, en cuyo caso \u00fanicamente los conservaremos para el ejercicio o defensa de reclamaciones.<br \/>En determinadas circunstancias y por motivos relacionados con su situaci\u00f3n particular, los interesados<br \/>podr\u00e1n oponerse al tratamiento de sus datos. La Empresa dejar\u00e1 de tratar los datos, salvo<br \/>por motivos leg\u00edtimos e imperiosos, o el ejercicio o la defensa de posibles reclamaciones.<br \/>Asimismo, en determinadas circunstancias y cuando sea t\u00e9cnicamente posible, los interesados tienen<br \/>derecho a que los datos personales se transmitan directamente a otro responsable a solicitud suya.<br \/>Para el ejercicio de estos derechos, p\u00f3ngase en contacto con nosotros dirigiendo un escrito a:<br \/>\u27a2 GREEN WAY TOGETHER SL Avenida Vall\u00e8s 71, TERRASSA (BARCELONA)<br \/>o bien por e-mail a gerencia@serratextil.com acompa\u00f1ado de copia de su DNI.<br \/>De igual modo, puede ponerse en contacto con la Agencia Espa\u00f1ola de Protecci\u00f3n de Datos, para<br \/>formular una reclamaci\u00f3n, especialmente cuando no haya obtenido satisfacci\u00f3n en el ejercicio de sus<br \/>derechos.<br \/>Ley aplicable y jurisdicci\u00f3n<br \/>La ley aplicable en caso de disputa o conflicto de interpretaci\u00f3n de los t\u00e9rminos que conforman<br \/>este Aviso Legal, as\u00ed como cualquier cuesti\u00f3n relacionada con los servicios del presente Portal, ser\u00e1 la<br \/>ley espa\u00f1ola.<br \/>Para la resoluci\u00f3n de cualquier conflicto que pueda surgir con ocasi\u00f3n de la visita al Portal o del<br \/>uso de los servicios que en \u00e9l se puedan ofertar, la Empresa y el Usuario acuerdan<br \/>someterse a los Jueces y Tribunales de domicilio de la Empresa.<\/p>\t\t\t\t\t\t<\/div>\n\t\t\t\t<\/div>\n\t\t\t\t\t<\/div>\n\t\t<\/div>\n\t\t\t\t\t\t\t<\/div>\n\t\t<\/section>\n\t\t\t\t\t\t<\/div>\n\t\t\t\t\t<\/div>\n\t\t","protected":false},"excerpt":{"rendered":"<p>Aviso LegalEn cumplimiento de la Ley 34\/2002, de 11 de julio, de servicios de la sociedad de la informaci\u00f3n yde comercio electr\u00f3nico (LSSI), le informamos de que:GREEN WAY TOGETHER SL(en adelante La Empresa). es una SOCIEDAD LIMITADA. Su NIF es B67624858 y tiene su domicilio en Avenida Vall\u00e8s 71 de TERRASSA (BARCELONA).Datos de contacto:Tel\u00e9fono: 660 [&hellip;]<\/p>\n","protected":false},"author":4,"featured_media":0,"parent":0,"menu_order":0,"comment_status":"closed","ping_status":"closed","template":"","meta":{"footnotes":""},"class_list":["post-155","page","type-page","status-publish","hentry"],"_links":{"self":[{"href":"https:\/\/serratextil.com\/blog\/wp-json\/wp\/v2\/pages\/155","targetHints":{"allow":["GET"]}}],"collection":[{"href":"https:\/\/serratextil.com\/blog\/wp-json\/wp\/v2\/pages"}],"about":[{"href":"https:\/\/serratextil.com\/blog\/wp-json\/wp\/v2\/types\/page"}],"author":[{"embeddable":true,"href":"https:\/\/serratextil.com\/blog\/wp-json\/wp\/v2\/users\/4"}],"replies":[{"embeddable":true,"href":"https:\/\/serratextil.com\/blog\/wp-json\/wp\/v2\/comments?post=155"}],"version-history":[{"count":6,"href":"https:\/\/serratextil.com\/blog\/wp-json\/wp\/v2\/pages\/155\/revisions"}],"predecessor-version":[{"id":176,"href":"https:\/\/serratextil.com\/blog\/wp-json\/wp\/v2\/pages\/155\/revisions\/176"}],"wp:attachment":[{"href":"https:\/\/serratextil.com\/blog\/wp-json\/wp\/v2\/media?parent=155"}],"curies":[{"name":"wp","href":"https:\/\/api.w.org\/{rel}","templated":true}]}}