{"id":160,"date":"2022-02-17T17:55:10","date_gmt":"2022-02-17T17:55:10","guid":{"rendered":"https:\/\/serratextil.com\/blog\/?page_id=160"},"modified":"2022-02-21T11:41:01","modified_gmt":"2022-02-21T11:41:01","slug":"politica-de-cookies","status":"publish","type":"page","link":"https:\/\/serratextil.com\/blog\/politica-de-cookies\/","title":{"rendered":"Pol\u00edtica de cookies"},"content":{"rendered":"\t\t<div data-elementor-type=\"wp-page\" data-elementor-id=\"160\" class=\"elementor elementor-160\" data-elementor-settings=\"[]\">\n\t\t\t\t\t\t\t<div class=\"elementor-section-wrap\">\n\t\t\t\t\t\t\t<section class=\"elementor-section elementor-top-section elementor-element elementor-element-cdbe64a elementor-section-boxed elementor-section-height-default elementor-section-height-default\" data-id=\"cdbe64a\" data-element_type=\"section\">\n\t\t\t\t\t\t<div class=\"elementor-container elementor-column-gap-default\">\n\t\t\t\t\t<div class=\"elementor-column elementor-col-100 elementor-top-column elementor-element elementor-element-6d06a9a\" data-id=\"6d06a9a\" data-element_type=\"column\">\n\t\t\t<div class=\"elementor-widget-wrap elementor-element-populated\">\n\t\t\t\t\t\t\t\t<div class=\"elementor-element elementor-element-a691500 elementor-widget elementor-widget-text-editor\" data-id=\"a691500\" data-element_type=\"widget\" data-widget_type=\"text-editor.default\">\n\t\t\t\t<div class=\"elementor-widget-container\">\n\t\t\t<style>\/*! elementor - v3.5.5 - 03-02-2022 *\/\n.elementor-widget-text-editor.elementor-drop-cap-view-stacked .elementor-drop-cap{background-color:#818a91;color:#fff}.elementor-widget-text-editor.elementor-drop-cap-view-framed .elementor-drop-cap{color:#818a91;border:3px solid;background-color:transparent}.elementor-widget-text-editor:not(.elementor-drop-cap-view-default) .elementor-drop-cap{margin-top:8px}.elementor-widget-text-editor:not(.elementor-drop-cap-view-default) .elementor-drop-cap-letter{width:1em;height:1em}.elementor-widget-text-editor .elementor-drop-cap{float:left;text-align:center;line-height:1;font-size:50px}.elementor-widget-text-editor .elementor-drop-cap-letter{display:inline-block}<\/style>\t\t\t\t<div id=\"panel-141-0-0-0\" class=\"so-panel widget widget_text panel-first-child\" data-index=\"0\"><div class=\"textwidget\"><section class=\"elementor-section elementor-top-section elementor-element elementor-element-d47f1e3 elementor-section-boxed elementor-section-height-default elementor-section-height-default\" data-id=\"d47f1e3\" data-element_type=\"section\"><div class=\"elementor-container elementor-column-gap-default\"><div class=\"elementor-column elementor-col-100 elementor-top-column elementor-element elementor-element-54cde3d\" data-id=\"54cde3d\" data-element_type=\"column\"><div class=\"elementor-widget-wrap elementor-element-populated\"><div class=\"elementor-element elementor-element-9bb0223 elementor-widget elementor-widget-text-editor\" data-id=\"9bb0223\" data-element_type=\"widget\" data-widget_type=\"text-editor.default\"><div class=\"elementor-widget-container\"><p>El sitio Web de serratextil.com\/blog utiliza <em>cookies\u00a0<\/em>(peque\u00f1os archivos de informaci\u00f3n que el servidor env\u00eda al ordenador de quien accede a la p\u00e1gina) para el correcto funcionamiento y<\/p><p>visualizaci\u00f3n de los sitios Web por parte del usuario, as\u00ed como la recogida de estad\u00edsticas. En concreto, se utilizan las siguientes\u00a0<em>Cookies<\/em>:<\/p><\/div><\/div><\/div><\/div><\/div><\/section><\/div><\/div><div id=\"panel-141-0-0-1\" class=\"so-panel widget widget_media_image\" data-index=\"1\">\u00a0<\/div><div id=\"panel-141-0-0-2\" class=\"so-panel widget widget_text panel-last-child\" data-index=\"2\"><div class=\"textwidget\"><p>\u00a0<\/p><\/div><\/div>\t\t\t\t\t\t<\/div>\n\t\t\t\t<\/div>\n\t\t\t\t\t<\/div>\n\t\t<\/div>\n\t\t\t\t\t\t\t<\/div>\n\t\t<\/section>\n\t\t\t\t<section class=\"elementor-section elementor-top-section elementor-element elementor-element-bdb31ca elementor-section-boxed elementor-section-height-default elementor-section-height-default\" data-id=\"bdb31ca\" data-element_type=\"section\">\n\t\t\t\t\t\t<div class=\"elementor-container elementor-column-gap-default\">\n\t\t\t\t\t<div class=\"elementor-column elementor-col-100 elementor-top-column elementor-element elementor-element-c8c86c4\" data-id=\"c8c86c4\" data-element_type=\"column\">\n\t\t\t<div class=\"elementor-widget-wrap elementor-element-populated\">\n\t\t\t\t\t\t\t\t<div class=\"elementor-element elementor-element-4cd2c2d elementor-widget elementor-widget-image\" data-id=\"4cd2c2d\" data-element_type=\"widget\" data-widget_type=\"image.default\">\n\t\t\t\t<div class=\"elementor-widget-container\">\n\t\t\t<style>\/*! elementor - v3.5.5 - 03-02-2022 *\/\n.elementor-widget-image{text-align:center}.elementor-widget-image a{display:inline-block}.elementor-widget-image a img[src$=\".svg\"]{width:48px}.elementor-widget-image img{vertical-align:middle;display:inline-block}<\/style>\t\t\t\t\t\t\t\t\t\t\t\t<img loading=\"lazy\" decoding=\"async\" width=\"800\" height=\"465\" src=\"https:\/\/serratextil.com\/blog\/wp-content\/uploads\/2022\/02\/cookies-1024x595.png\" class=\"attachment-large size-large\" alt=\"\" srcset=\"https:\/\/serratextil.com\/blog\/wp-content\/uploads\/2022\/02\/cookies-1024x595.png 1024w, https:\/\/serratextil.com\/blog\/wp-content\/uploads\/2022\/02\/cookies-300x174.png 300w, https:\/\/serratextil.com\/blog\/wp-content\/uploads\/2022\/02\/cookies-768x447.png 768w, https:\/\/serratextil.com\/blog\/wp-content\/uploads\/2022\/02\/cookies-100x58.png 100w, https:\/\/serratextil.com\/blog\/wp-content\/uploads\/2022\/02\/cookies.png 1259w\" sizes=\"auto, (max-width: 800px) 100vw, 800px\" \/>\t\t\t\t\t\t\t\t\t\t\t\t\t\t\t<\/div>\n\t\t\t\t<\/div>\n\t\t\t\t<div class=\"elementor-element elementor-element-3192d48 elementor-widget elementor-widget-text-editor\" data-id=\"3192d48\" data-element_type=\"widget\" data-widget_type=\"text-editor.default\">\n\t\t\t\t<div class=\"elementor-widget-container\">\n\t\t\t\t\t\t\t<p>GREEN WAY TOGETHER SL muestra informaci\u00f3n sobre su Pol\u00edtica de <em>cookies\u00a0<\/em>con cada inicio de sesi\u00f3n con el objeto de que usted sea consciente.<\/p><p>Ante esta informaci\u00f3n es posible llevar a cabo las siguientes acciones:<\/p><p>\uf0b7\u00a0<strong>Aceptar\u00a0<\/strong><strong><em>cookies<\/em><\/strong>. No se volver\u00e1 a visualizar este aviso al acceder a cualquier p\u00e1gina del portal durante la presente sesi\u00f3n.<\/p><p>\uf0b7\u00a0<strong>Modificar la configuraci\u00f3n<\/strong>. Podr\u00e1 obtener m\u00e1s informaci\u00f3n sobre qu\u00e9 son las\u00a0<em>cookies<\/em>,<\/p><p>conocer la Pol\u00edtica de\u00a0<em>cookies\u00a0<\/em>de serratextil.com\/blog y modificar la configuraci\u00f3n de su navegador para restringir o bloquear las\u00a0<em>cookies\u00a0<\/em>de serratextil.com\/blog en cualquier momento. En el caso de restringir o bloquear las\u00a0<em>cookies\u00a0<\/em>puede ver reducidas las funcionalidades de la web.<\/p><p>\uf0b7\u00a0<strong>Seguir navegando o moverse por la barra de desplazamiento<\/strong>: Para ello deber\u00e1 haber aceptado todas o parte de las cookies seg\u00fan la elecci\u00f3n. Excepto las cookies necesarias, que quedar\u00e1n obligatoriamente aceptadas.<\/p><p>Usted puede restringir, bloquear o borrar las\u00a0<em>cookies\u00a0<\/em>de serratextil.com\/blog\u00a0 o cualquier otra p\u00e1gina web, utilizando su navegador. En cada navegador la operativa es diferente, la funci\u00f3n de \u201cAyuda\u00bb le mostrar\u00e1 c\u00f3mo hacerlo.<\/p><p>\uf0b7 Internet Explorer:<\/p><p>windows.microsoft.com\/es-xl\/internet-explorer\/delete-manage-cookies#ie=\u00bbie-10\u2033<\/p><p>3<\/p><p>\uf0b7 FireFox: support.mozilla.org\/es\/kb\/Borrar%20cookies<\/p><p>\uf0b7 Chrome: support.google.com\/chrome\/answer\/95647?hl=\u00bbes\u00bb<\/p><p>\uf0b7 Safari: www.apple.com\/es\/privacy\/use-of-cookies\/<\/p><p>Adem\u00e1s, tambi\u00e9n puede gestionar el almac\u00e9n de cookies en su navegador a trav\u00e9s de herramientas como las siguientes:<\/p><p>\uf0b7 Ghostery: www.ghostery.com\/<\/p><p>\uf0b7\u00a0<strong>Your online choices: www.youronlinechoices.com\/es<\/strong><\/p>\t\t\t\t\t\t<\/div>\n\t\t\t\t<\/div>\n\t\t\t\t\t<\/div>\n\t\t<\/div>\n\t\t\t\t\t\t\t<\/div>\n\t\t<\/section>\n\t\t\t\t\t\t<\/div>\n\t\t\t\t\t<\/div>\n\t\t","protected":false},"excerpt":{"rendered":"<p>El sitio Web de serratextil.com\/blog utiliza cookies\u00a0(peque\u00f1os archivos de informaci\u00f3n que el servidor env\u00eda al ordenador de quien accede a la p\u00e1gina) para el correcto funcionamiento y visualizaci\u00f3n de los sitios Web por parte del usuario, as\u00ed como la recogida de estad\u00edsticas. En concreto, se utilizan las siguientes\u00a0Cookies: \u00a0 \u00a0 GREEN WAY TOGETHER SL muestra [&hellip;]<\/p>\n","protected":false},"author":4,"featured_media":0,"parent":0,"menu_order":0,"comment_status":"closed","ping_status":"closed","template":"","meta":{"footnotes":""},"class_list":["post-160","page","type-page","status-publish","hentry"],"_links":{"self":[{"href":"https:\/\/serratextil.com\/blog\/wp-json\/wp\/v2\/pages\/160","targetHints":{"allow":["GET"]}}],"collection":[{"href":"https:\/\/serratextil.com\/blog\/wp-json\/wp\/v2\/pages"}],"about":[{"href":"https:\/\/serratextil.com\/blog\/wp-json\/wp\/v2\/types\/page"}],"author":[{"embeddable":true,"href":"https:\/\/serratextil.com\/blog\/wp-json\/wp\/v2\/users\/4"}],"replies":[{"embeddable":true,"href":"https:\/\/serratextil.com\/blog\/wp-json\/wp\/v2\/comments?post=160"}],"version-history":[{"count":9,"href":"https:\/\/serratextil.com\/blog\/wp-json\/wp\/v2\/pages\/160\/revisions"}],"predecessor-version":[{"id":190,"href":"https:\/\/serratextil.com\/blog\/wp-json\/wp\/v2\/pages\/160\/revisions\/190"}],"wp:attachment":[{"href":"https:\/\/serratextil.com\/blog\/wp-json\/wp\/v2\/media?parent=160"}],"curies":[{"name":"wp","href":"https:\/\/api.w.org\/{rel}","templated":true}]}}