{"id":165,"date":"2022-02-17T17:59:26","date_gmt":"2022-02-17T17:59:26","guid":{"rendered":"https:\/\/serratextil.com\/blog\/?page_id=165"},"modified":"2022-02-21T11:36:16","modified_gmt":"2022-02-21T11:36:16","slug":"proteccion-de-datos","status":"publish","type":"page","link":"https:\/\/serratextil.com\/blog\/proteccion-de-datos\/","title":{"rendered":"Protecci\u00f3n de datos"},"content":{"rendered":"\t\t<div data-elementor-type=\"wp-page\" data-elementor-id=\"165\" class=\"elementor elementor-165\" data-elementor-settings=\"[]\">\n\t\t\t\t\t\t\t<div class=\"elementor-section-wrap\">\n\t\t\t\t\t\t\t<section class=\"elementor-section elementor-top-section elementor-element elementor-element-d761b07 elementor-section-boxed elementor-section-height-default elementor-section-height-default\" data-id=\"d761b07\" data-element_type=\"section\">\n\t\t\t\t\t\t<div class=\"elementor-container elementor-column-gap-default\">\n\t\t\t\t\t<div class=\"elementor-column elementor-col-100 elementor-top-column elementor-element elementor-element-478e3c1\" data-id=\"478e3c1\" data-element_type=\"column\">\n\t\t\t<div class=\"elementor-widget-wrap elementor-element-populated\">\n\t\t\t\t\t\t\t\t<div class=\"elementor-element elementor-element-7a4d3fd elementor-widget elementor-widget-text-editor\" data-id=\"7a4d3fd\" data-element_type=\"widget\" data-widget_type=\"text-editor.default\">\n\t\t\t\t<div class=\"elementor-widget-container\">\n\t\t\t<style>\/*! elementor - v3.5.5 - 03-02-2022 *\/\n.elementor-widget-text-editor.elementor-drop-cap-view-stacked .elementor-drop-cap{background-color:#818a91;color:#fff}.elementor-widget-text-editor.elementor-drop-cap-view-framed .elementor-drop-cap{color:#818a91;border:3px solid;background-color:transparent}.elementor-widget-text-editor:not(.elementor-drop-cap-view-default) .elementor-drop-cap{margin-top:8px}.elementor-widget-text-editor:not(.elementor-drop-cap-view-default) .elementor-drop-cap-letter{width:1em;height:1em}.elementor-widget-text-editor .elementor-drop-cap{float:left;text-align:center;line-height:1;font-size:50px}.elementor-widget-text-editor .elementor-drop-cap-letter{display:inline-block}<\/style>\t\t\t\t<p>POL\u00cdTICA DE PROTECCI\u00d3N DE DATOS DE CAR\u00c1CTER PERSONAL<br \/>GREEN WAY TOGETHER SL (la \u201cEmpresa\u201d) es una Organizaci\u00f3n en la que se dan actividades de<br \/>tratamientos de datos de car\u00e1cter personal, lo que le atribuye una importante responsabilidad<br \/>en el dise\u00f1o y organizaci\u00f3n de procedimientos de modo que est\u00e9n alineados con el<br \/>cumplimiento legal en esta materia.<br \/>En el ejercicio de estas responsabilidades y con el objeto de establecer los principios generales<br \/>que deben regir el tratamiento de los datos de car\u00e1cter personal en la Empresa, aprueba esta<br \/>Pol\u00edtica de protecci\u00f3n de datos de car\u00e1cter personal, que notifica a sus Empleados y pone a<br \/>disposici\u00f3n de todos sus grupos de Inter\u00e9s.<br \/>1. Finalidad<br \/>La Pol\u00edtica de protecci\u00f3n de datos de car\u00e1cter personal es una medida de Responsabilidad<br \/>proactiva que tiene la finalidad de asegurar el cumplimiento de la legislaci\u00f3n aplicable en esta<br \/>materia y relaci\u00f3n a \u00e9sta, el respeto del derecho al honor y a la intimidad en el tratamiento de<br \/>los datos de car\u00e1cter personal de todas las personas que se relacionan con La Empresa.<br \/>En desarrollo de lo dispuesto en esta Pol\u00edtica de protecci\u00f3n de datos de car\u00e1cter personal, se<br \/>establecen cu\u00e1les son los Principios que rigen el tratamiento de datos en la organizaci\u00f3n y en<br \/>consecuencia, los procedimientos, y las medidas organizativas y de seguridad que las personas<br \/>afectadas por esta Pol\u00edtica se comprometen a implementar en su \u00e1mbito de responsabilidad.<br \/>Con este fin, la Direcci\u00f3n asignar\u00e1 las responsabilidades al personal que participa en las<br \/>operaciones de tratamiento de datos.<br \/>2. \u00c1mbito de aplicaci\u00f3n<br \/>Esta Pol\u00edtica de protecci\u00f3n de datos de car\u00e1cter personal ser\u00e1 de aplicaci\u00f3n a la Empresa, a sus<br \/>administradores, directivos y empleados, as\u00ed como a todas las personas que se relacionen con<br \/>ella, con inclusi\u00f3n expresa de los proveedores de servicio con acceso a datos (\u201cEncargados del<br \/>tratamiento\u201d)<br \/>3. Principios del tratamiento de los datos de car\u00e1cter personal<br \/>Como principio general, La Empresa cumplir\u00e1 escrupulosamente con la legislaci\u00f3n en materia<br \/>de protecci\u00f3n de datos de car\u00e1cter personal y debe ser capaz de demostrarlo (Principio de<br \/>\u00abresponsabilidad proactiva\u00bb), prestando especial atenci\u00f3n a aquellos tratamientos que puedan<br \/>suponer un mayor riesgo para los derechos de los afectados (Principio de \u00abenfoque de riesgo\u00bb).<br \/>En relaci\u00f3n a lo expuesto GREEN WAY TOGETHER SL velar\u00e1 por el cumplimiento de los siguientes<br \/>Principios:<br \/>\u2013 Licitud, lealtad, transparencia y limitaci\u00f3n de la finalidad. El tratamiento de datos<br \/>siempre deber\u00e1 ser informado al afectado, mediante cl\u00e1usulas y otros procedimientos; y<br \/>s\u00f3lo se considerar\u00e1 leg\u00edtimo si hay consentimiento para el tratamiento de datos (con<br \/>especial atenci\u00f3n al prestado por los menores de edad), o cuenta con otra legitimaci\u00f3n<br \/>v\u00e1lida y la finalidad del mismo es acorde a Normativa.<br \/>\u2013 Minimizaci\u00f3n de datos. Los datos tratados deber\u00e1n ser adecuados, pertinentes y<br \/>limitados a lo necesario en relaci\u00f3n a los fines del tratamiento.<br \/>\u2013 Exactitud. Los datos deber\u00e1n ser exactos y, si fuera necesarios, actualizados. A este<br \/>respecto se adoptar\u00e1n las medidas necesarias para que se supriman o rectifiquen sin<br \/>dilaci\u00f3n los datos personales que sean inexactos con respecto a los fines del<br \/>tratamiento.<br \/>\u2013 Limitaci\u00f3n del plazo de conservaci\u00f3n. Los datos ser\u00e1n mantenidos de forma que se<br \/>permita la identificaci\u00f3n de los interesados durante no m\u00e1s tiempo del necesario para<br \/>los fines del tratamiento.<br \/>\u2013 Integridad y Confidencialidad. Los datos ser\u00e1n tratados de tal manera que se garantice<br \/>una seguridad adecuada de los datos personales, incluida la protecci\u00f3n contra el<br \/>tratamiento no autorizado o il\u00edcito y contra su p\u00e9rdida, destrucci\u00f3n o da\u00f1o accidental,<br \/>mediante la aplicaci\u00f3n de las medidas t\u00e9cnicas u organizativas apropiadas.<br \/>\u2013 Cesiones de datos. Queda prohibida la compra u obtenci\u00f3n de datos de car\u00e1cter<br \/>personal de fuentes ileg\u00edtimas o en aquellos casos en los que dichos datos hayan sido<br \/>recabados o cedidos contraviniendo la ley o no se garantice suficientemente su leg\u00edtima<br \/>procedencia.<br \/>\u2013 Contrataci\u00f3n de proveedores con acceso a datos. S\u00f3lo se elegir\u00e1n para su contrataci\u00f3n a<br \/>proveedores que ofrezcan garant\u00edas suficientes para aplicar medidas t\u00e9cnicas y de<br \/>seguridad apropiadas en el tratamiento de datos. Con estos terceros se documentar\u00e1 el<br \/>debido Acuerdo a este respecto.<br \/>\u2013 Transferencias internacionales de datos. Todo tratamiento de datos de car\u00e1cter personal<br \/>sujeto a normativa de la Uni\u00f3n Europea que implique una transferencia de datos fuera<br \/>del Espacio Econ\u00f3mico Europeo deber\u00e1 llevarse a cabo con estricto cumplimiento de los<br \/>requisitos establecidos en la ley aplicable.<br \/>\u2013 Derechos de los afectados. La Empresa facilitar\u00e1 a los afectados el ejercicio de los<br \/>derechos de acceso, rectificaci\u00f3n, supresi\u00f3n, limitaci\u00f3n del tratamiento, oposici\u00f3n y<br \/>portabilidad, estableciendo a tal efecto los procedimientos internos, y en particular los<br \/>modelos para su ejercicio que resulten necesarios y oportunos, los cuales deber\u00e1n<br \/>satisfacer, al menos, los requisitos legales aplicables en cada caso.<br \/>La Empresa promover\u00e1 que los principios recogidos en esta Pol\u00edtica de protecci\u00f3n de datos de<br \/>car\u00e1cter personal sean tenidos en cuenta (i) en el dise\u00f1o e implementaci\u00f3n de todos los<br \/>procedimientos de trabajo, (ii) en los productos y servicios ofrecidos (iii) en todos los contratos<br \/>y obligaciones que formalicen o asuman y (iv) en la implantaci\u00f3n de cuantos sistemas y<br \/>plataformas permitan el acceso de empleados o terceros y\/o la recogida o tratamiento de datos<br \/>de car\u00e1cter personal.<br \/>4. Compromiso de los trabajadores<br \/>Los trabajadores son informados de la presente Pol\u00edtica y se declaran conscientes de que la<br \/>informaci\u00f3n de car\u00e1cter personal es un activo de la Empresa, y a este respecto se adhieren a<br \/>ella, comprometi\u00e9ndose a lo siguiente:<br \/>\u2013 Realizar la formaci\u00f3n de sensibilizaci\u00f3n en Protecci\u00f3n de datos que la Empresa pone a su<br \/>disposici\u00f3n.<br \/>\u2013 Aplicar las medidas de seguridad a nivel de usuario que apliquen a su puesto de trabajo,<br \/>sin perjuicio de las responsabilidades en su dise\u00f1o e implantaci\u00f3n que se puedan<br \/>pudieran atribu\u00edrsele en funci\u00f3n de su rol dentro de GREEN WAY TOGETHER SL.<br \/>\u2013 Utilizar los formatos establecidos para el ejercicio de Derechos por parte de los<br \/>afectados e informar a la Empresa de forma inmediata de modo que pueda hacerse<br \/>efectiva la respuesta.<br \/>\u2013 Informar a la Empresa, tan pronto tenga conocimiento, de desviaciones de lo<br \/>establecido en esta Pol\u00edtica, en particular de \u201cViolaciones de seguridad de los datos<br \/>personales\u201d, utilizando para ello el formato establecido al efecto.<br \/>5. Control y evaluaci\u00f3n<br \/>Se realizar\u00e1 una verificaci\u00f3n, evaluaci\u00f3n y valoraci\u00f3n anual, o cada vez que haya cambios<br \/>significativos en los tratamientos de datos, de la eficacia de las medidas t\u00e9cnicas y organizativas<br \/>para garantizar la seguridad del tratamiento.<br \/>GREEN WAY TOGETHER SL<\/p>\t\t\t\t\t\t<\/div>\n\t\t\t\t<\/div>\n\t\t\t\t\t<\/div>\n\t\t<\/div>\n\t\t\t\t\t\t\t<\/div>\n\t\t<\/section>\n\t\t\t\t\t\t<\/div>\n\t\t\t\t\t<\/div>\n\t\t","protected":false},"excerpt":{"rendered":"<p>POL\u00cdTICA DE PROTECCI\u00d3N DE DATOS DE CAR\u00c1CTER PERSONALGREEN WAY TOGETHER SL (la \u201cEmpresa\u201d) es una Organizaci\u00f3n en la que se dan actividades detratamientos de datos de car\u00e1cter personal, lo que le atribuye una importante responsabilidaden el dise\u00f1o y organizaci\u00f3n de procedimientos de modo que est\u00e9n alineados con elcumplimiento legal en esta materia.En el ejercicio de [&hellip;]<\/p>\n","protected":false},"author":4,"featured_media":0,"parent":0,"menu_order":0,"comment_status":"closed","ping_status":"closed","template":"","meta":{"footnotes":""},"class_list":["post-165","page","type-page","status-publish","hentry"],"_links":{"self":[{"href":"https:\/\/serratextil.com\/blog\/wp-json\/wp\/v2\/pages\/165","targetHints":{"allow":["GET"]}}],"collection":[{"href":"https:\/\/serratextil.com\/blog\/wp-json\/wp\/v2\/pages"}],"about":[{"href":"https:\/\/serratextil.com\/blog\/wp-json\/wp\/v2\/types\/page"}],"author":[{"embeddable":true,"href":"https:\/\/serratextil.com\/blog\/wp-json\/wp\/v2\/users\/4"}],"replies":[{"embeddable":true,"href":"https:\/\/serratextil.com\/blog\/wp-json\/wp\/v2\/comments?post=165"}],"version-history":[{"count":6,"href":"https:\/\/serratextil.com\/blog\/wp-json\/wp\/v2\/pages\/165\/revisions"}],"predecessor-version":[{"id":182,"href":"https:\/\/serratextil.com\/blog\/wp-json\/wp\/v2\/pages\/165\/revisions\/182"}],"wp:attachment":[{"href":"https:\/\/serratextil.com\/blog\/wp-json\/wp\/v2\/media?parent=165"}],"curies":[{"name":"wp","href":"https:\/\/api.w.org\/{rel}","templated":true}]}}